{"id":129,"date":"2019-06-16T15:53:29","date_gmt":"2019-06-16T13:53:29","guid":{"rendered":"https:\/\/hypnosemethodik.ch\/?page_id=129"},"modified":"2020-09-29T08:36:47","modified_gmt":"2020-09-29T06:36:47","slug":"neuigkeiten","status":"publish","type":"page","link":"https:\/\/hypnosemethodik.ch\/?page_id=129","title":{"rendered":"Neuigkeiten"},"content":{"rendered":"\n<p><\/p>\n\n\n\n<h2><strong>Apero und Infos zur Hypnosetherapie<\/strong> <strong>10.10.2020<\/strong><\/h2>\n\n\n\n<figure class=\"wp-block-image size-large\"><img loading=\"lazy\" width=\"724\" height=\"1024\" src=\"https:\/\/hypnosemethodik.ch\/wp-content\/uploads\/2020\/09\/Flyer_Apero_10.10.2020-1-724x1024.jpg\" alt=\"\" class=\"wp-image-181\" srcset=\"https:\/\/hypnosemethodik.ch\/wp-content\/uploads\/2020\/09\/Flyer_Apero_10.10.2020-1-724x1024.jpg 724w, https:\/\/hypnosemethodik.ch\/wp-content\/uploads\/2020\/09\/Flyer_Apero_10.10.2020-1-212x300.jpg 212w, https:\/\/hypnosemethodik.ch\/wp-content\/uploads\/2020\/09\/Flyer_Apero_10.10.2020-1-768x1086.jpg 768w, https:\/\/hypnosemethodik.ch\/wp-content\/uploads\/2020\/09\/Flyer_Apero_10.10.2020-1-1086x1536.jpg 1086w, https:\/\/hypnosemethodik.ch\/wp-content\/uploads\/2020\/09\/Flyer_Apero_10.10.2020-1-1448x2048.jpg 1448w, https:\/\/hypnosemethodik.ch\/wp-content\/uploads\/2020\/09\/Flyer_Apero_10.10.2020-1-scaled.jpg 1810w\" sizes=\"(max-width: 724px) 100vw, 724px\" \/><\/figure>\n\n\n\n<h2><strong>Das hypnotische Magenband<\/strong><\/h2>\n\n\n\n<p>Ich informiere dich gerne \u00fcber die Wirkung und Therapie eines hypnotischen Magenbandes.<\/p>\n\n\n\n<p>Abnehmen ohne zu hungern. Du hast kein Gef\u00fchl von Verzicht oder Gel\u00fcste.<\/p>\n\n\n\n<p>\u00dcbergewicht entsteht oftmals in der Seele. Traurigkeit, Einsamkeit, Unzufriedenheit, Selbstablehnung sind h\u00e4ufig der Grund, dass wir uns einen Schutzmantel anlegen.<\/p>\n\n\n\n<p>Emotionale Belastungen oder die innere Leere versuchen wir mit Essen zu f\u00fcllen.<\/p>\n\n\n\n<p>Mit Hypnose kannst du deine Emotionalen Ursachen aufl\u00f6sen. Konstruktive und auf dich abgestimmte Ver\u00e4nderungen k\u00f6nnen so integriert werden, dass sich die Gel\u00fcste neutralisieren.<\/p>\n\n\n\n<p>F\u00fcr pers\u00f6nliche Beratung stehe ich dir gerne zu Verf\u00fcgung.<\/p>\n\n\n\n<figure class=\"wp-block-image size-large\"><img loading=\"lazy\" width=\"722\" height=\"1024\" src=\"https:\/\/hypnosemethodik.ch\/wp-content\/uploads\/2020\/09\/Das-hypnotische-Magenband_einzeln-722x1024.jpg\" alt=\"\" class=\"wp-image-182\" srcset=\"https:\/\/hypnosemethodik.ch\/wp-content\/uploads\/2020\/09\/Das-hypnotische-Magenband_einzeln-722x1024.jpg 722w, https:\/\/hypnosemethodik.ch\/wp-content\/uploads\/2020\/09\/Das-hypnotische-Magenband_einzeln-211x300.jpg 211w, https:\/\/hypnosemethodik.ch\/wp-content\/uploads\/2020\/09\/Das-hypnotische-Magenband_einzeln-768x1090.jpg 768w, https:\/\/hypnosemethodik.ch\/wp-content\/uploads\/2020\/09\/Das-hypnotische-Magenband_einzeln-1082x1536.jpg 1082w, https:\/\/hypnosemethodik.ch\/wp-content\/uploads\/2020\/09\/Das-hypnotische-Magenband_einzeln-1443x2048.jpg 1443w, https:\/\/hypnosemethodik.ch\/wp-content\/uploads\/2020\/09\/Das-hypnotische-Magenband_einzeln.jpg 1746w\" sizes=\"(max-width: 722px) 100vw, 722px\" \/><\/figure>\n\n\n\n<h2><strong>Hypnosex Weiterbildung<\/strong><\/h2>\n\n\n\n<div class=\"wp-block-image\"><figure class=\"alignright size-large is-resized\"><img loading=\"lazy\" src=\"https:\/\/hypnosemethodik.ch\/wp-content\/uploads\/2019\/06\/HypnoSex-1024x668.jpg\" alt=\"\" class=\"wp-image-141\" width=\"274\" height=\"178\" srcset=\"https:\/\/hypnosemethodik.ch\/wp-content\/uploads\/2019\/06\/HypnoSex-1024x668.jpg 1024w, https:\/\/hypnosemethodik.ch\/wp-content\/uploads\/2019\/06\/HypnoSex-300x196.jpg 300w, https:\/\/hypnosemethodik.ch\/wp-content\/uploads\/2019\/06\/HypnoSex-768x501.jpg 768w\" sizes=\"(max-width: 274px) 100vw, 274px\" \/><\/figure><\/div>\n\n\n\n<p>Ich darf Stolz verk\u00fcnden, dass ich die Hypnosex Weiterbildung erfolgreich abgeschlossen habe. Die Sexualtherapie ist einsetzbar f\u00fcr Vaginismus, St\u00f6rung des Orgasmus, Missbrauch und noch viele andere spannende Themen.<\/p>\n","protected":false},"excerpt":{"rendered":"<p>Apero und Infos zur Hypnosetherapie 10.10.2020 Das hypnotische Magenband Ich informiere dich gerne \u00fcber die Wirkung und Therapie eines hypnotischen Magenbandes. Abnehmen ohne zu hungern. Du hast kein Gef\u00fchl von Verzicht oder Gel\u00fcste. \u00dcbergewicht entsteht oftmals in der Seele. Traurigkeit, Einsamkeit, Unzufriedenheit, Selbstablehnung sind h\u00e4ufig der Grund, dass wir uns einen Schutzmantel anlegen. Emotionale Belastungen &hellip; <\/p>\n<p class=\"link-more\"><a href=\"https:\/\/hypnosemethodik.ch\/?page_id=129\" class=\"more-link\"><span class=\"screen-reader-text\">&#8222;Neuigkeiten&#8220;<\/span> weiterlesen<\/a><\/p>\n","protected":false},"author":1,"featured_media":0,"parent":0,"menu_order":0,"comment_status":"closed","ping_status":"closed","template":"","meta":[],"_links":{"self":[{"href":"https:\/\/hypnosemethodik.ch\/index.php?rest_route=\/wp\/v2\/pages\/129"}],"collection":[{"href":"https:\/\/hypnosemethodik.ch\/index.php?rest_route=\/wp\/v2\/pages"}],"about":[{"href":"https:\/\/hypnosemethodik.ch\/index.php?rest_route=\/wp\/v2\/types\/page"}],"author":[{"embeddable":true,"href":"https:\/\/hypnosemethodik.ch\/index.php?rest_route=\/wp\/v2\/users\/1"}],"replies":[{"embeddable":true,"href":"https:\/\/hypnosemethodik.ch\/index.php?rest_route=%2Fwp%2Fv2%2Fcomments&post=129"}],"version-history":[{"count":16,"href":"https:\/\/hypnosemethodik.ch\/index.php?rest_route=\/wp\/v2\/pages\/129\/revisions"}],"predecessor-version":[{"id":183,"href":"https:\/\/hypnosemethodik.ch\/index.php?rest_route=\/wp\/v2\/pages\/129\/revisions\/183"}],"wp:attachment":[{"href":"https:\/\/hypnosemethodik.ch\/index.php?rest_route=%2Fwp%2Fv2%2Fmedia&parent=129"}],"curies":[{"name":"wp","href":"https:\/\/api.w.org\/{rel}","templated":true}]}}